{"id":5116,"date":"2026-03-08T12:35:23","date_gmt":"2026-03-08T12:35:23","guid":{"rendered":"https:\/\/airsps.com\/stock\/unkategorisiert\/tv3-117vm-hubschraubermotor\/"},"modified":"2026-03-08T12:35:23","modified_gmt":"2026-03-08T12:35:23","slug":"tv3-117vm-hubschraubermotor","status":"publish","type":"product","link":"https:\/\/airsps.com\/de\/aktie\/flugzeugersatzteile-verkauf\/tv3-117vm-hubschraubermotor\/","title":{"rendered":"TV3-117VM Hubschraubermotor zu verkaufen"},"content":{"rendered":"<h2>Kompatible Hubschrauber<\/h2>\n<ul>\n<li>Mittlere Transporthubschrauber <strong>Mi-8MT \/ Mi-17<\/strong><\/li>\n<li>Mehrzweckhubschrauber <strong>Mi-171 \/ Mi-171Sh<\/strong><\/li>\n<li><strong>Mi-24 \/ Mi-35<\/strong> Kampf- und Angriffstransporthelikopter<\/li>\n<li><strong>Ka-32<\/strong>-Mehrzweckhubschrauber (spezifische Modifikationen)<\/li>\n<\/ul>\n<h2>Anwendungen in Wartung und Reparatur<\/h2>\n<p>Der <strong>Motor TV3-117VM<\/strong> wird als komplettes Ersatzteil geliefert f\u00fcr:<\/p>\n<ul>\n<li><strong>Motoraustausch<\/strong> \u2013 f\u00fcr eine l\u00e4ngere Lebensdauer und einen sicheren Betrieb des Hubschraubers.<\/li>\n<li><strong>\u00dcberholungsprogramme <\/strong>\u2013 Wiederherstellung des neuwertigen Zustands von Motoren nach Tausenden von Betriebsstunden.<\/li>\n<li><strong>Flottenmodernisierung <\/strong>\u2013 Austausch \u00e4lterer oder verschlissener Motoren zur Verbesserung der Zuverl\u00e4ssigkeit und Reduzierung von Ausfallzeiten.<\/li>\n<\/ul>\n<h2>Verf\u00fcgbare TV3-117VM-Motoren zum Verkauf auf Lager<\/h2>\n<!-- TV3-117VM Engines - Responsive Card Layout for WordPress --><p><style>.engine-cards{display:grid;grid-template-columns:repeat(auto-fit,minmax(280px,1fr));gap:16px;margin:20px 0}.engine-card{border:1px solid #ddd;border-radius:10px;padding:16px;background:#fff;display:flex;flex-direction:column;justify-content:space-between;box-shadow:0 2px 6px rgba(0,0,0,.08)}.engine-card h3{margin:0 0 8px;font-size:18px;color:#111827}.engine-card p{margin:4px 0;font-size:14px;color:#374151}.engine-card .price{font-weight:700;color:#065f46;margin:8px 0;font-size:16px}.engine-card a.button{display:inline-block;text-align:center;background:#0ea5e9;color:#fff!important;padding:10px 14px;border-radius:8px;text-decoration:none;font-weight:600;margin-top:12px;transition:background 0.2s}.engine-card a.button:hover{background:#0284c7}<\/style><\/p><div class=\"engine-cards\"><div class=\"engine-card\"><h3>Engine TV3-117VM<\/h3><strong>Year \/ Condition:<\/strong> 2025, New <strong>Quantity:<\/strong> 10 <strong>Location:<\/strong> Russia, Ready for export\r\n<p class=\"price\">$1,400,000<\/p><a class=\"button\" title=\"AirSPS Bussiness WhatsApp\" href=\"https:\/\/wa.me\/15852826595\" rel=\"nofollow\">Request Quote<\/a><\/div><div class=\"engine-card\"><h3>Engine TV3-117VM<\/h3><strong>Year \/ Condition:<\/strong> 1992, TSO 3321 h, Full overhaul 09.2025 <strong>Quantity:<\/strong> 1 <strong>Location:<\/strong> UAE\r\n<p class=\"price\">$1,150,000<\/p><a class=\"button\" title=\"AirSPS Bussiness WhatsApp\" href=\"https:\/\/wa.me\/15852826595\" rel=\"nofollow\">Request Quote<\/a><\/div><div class=\"engine-card\"><h3>Engine TV3-117VM<\/h3><strong>Year \/ Condition:<\/strong> 1992, TSO 2250 h, Full overhaul 09.2025 <strong>Quantity:<\/strong> 1 <strong>Location:<\/strong> UAE\r\n<p class=\"price\">$1,150,000<\/p><a class=\"button\" title=\"AirSPS Bussiness WhatsApp\" href=\"https:\/\/wa.me\/15852826595\" rel=\"nofollow\">Request Quote<\/a><\/div><div class=\"engine-card\"><h3>Engine TV3-117VM<\/h3><strong>Year \/ Condition:<\/strong> 1992, TSO 300 h, Full overhaul 10.2025 <strong>Quantity:<\/strong> 2 <strong>Location:<\/strong> UAE\r\n<p class=\"price\">$1,350,000<\/p><a class=\"button\" title=\"AirSPS Bussiness WhatsApp\" href=\"https:\/\/wa.me\/15852826595\" rel=\"nofollow\">Request Quote<\/a><\/div><div class=\"engine-card\"><h3>Engine TV3-117VM Series 02<\/h3><strong>Year \/ Condition:<\/strong> 2000, TSO 2800 h, Full overhaul 11.2025 <strong>Quantity:<\/strong> 1 <strong>Location:<\/strong> UAE\r\n<p class=\"price\">$1,300,000<\/p><a class=\"button\" title=\"AirSPS Bussiness WhatsApp\" href=\"https:\/\/wa.me\/15852826595\" rel=\"nofollow\">Request Quote<\/a><\/div><div class=\"engine-card\"><h3>Engine TV3-117VM Series 02<\/h3><strong>Year \/ Condition:<\/strong> 2000, TSO 3000 h, Full overhaul 11.2025 <strong>Quantity:<\/strong> 1 <strong>Location:<\/strong> UAE\r\n<p class=\"price\">$1,300,000<\/p><a class=\"button\" title=\"AirSPS Bussiness WhatsApp\" href=\"https:\/\/wa.me\/15852826595\" rel=\"nofollow\">Request Quote<\/a><\/div><div class=\"engine-card\"><h3>Engine TV3-117VM<\/h3><strong>Year \/ Condition:<\/strong> 1993, TSO 4499 h, Full overhaul 2023 <strong>Quantity:<\/strong> 1 <strong>Location:<\/strong> Russia, Ready for export\r\n<p class=\"price\">$1,150,000<\/p><a class=\"button\" title=\"AirSPS Bussiness WhatsApp\" href=\"https:\/\/wa.me\/15852826595\" rel=\"nofollow\">Request Quote<\/a><\/div><\/div>\n<h2>Warum sollten Sie sich f\u00fcr unser Angebot entscheiden?<\/h2>\n<ul>\n<li>\ud83c\udf0d Schnelle Lieferung nach Afrika, Asien und Lateinamerika.<\/li>\n<li>\u2705 Zertifizierte und gepr\u00fcfte Motoren, die sofort einbaufertig sind.<\/li>\n<li>\ud83d\udd27 Optionen von neuen bis zu komplett \u00fcberholten Einheiten verf\u00fcgbar.<\/li>\n<li>\ud83d\udcb0 Wettbewerbsf\u00e4hige Preise und flexible Exportl\u00f6sungen.<\/li>\n<\/ul>\n<h2>Angebot anfordern<\/h2>\n<p>Wenden Sie sich an unser <a title=\"AirSPS Kontakte\" href=\"https:\/\/airsps.com\/de\/kontakte\/\" rel=\"\">Vertriebsteam<\/a>, um weitere Informationen, Liefertermine und individuelle Angebote f\u00fcr derzeit vorr\u00e4tige <strong>TV3-117VM-Hubschraubermotoren<\/strong> zu erhalten.<\/p>\n","protected":false},"excerpt":{"rendered":"<p>Der <strong>Motor TV3-117VM<\/strong> ist ein zuverl\u00e4ssiges Turbowellen-Triebwerk, das h\u00e4ufig in <strong>Hubschraubern der Typen Mi-8\/17, Mi-171, Mi-24\/35 und Ka-32<\/strong> zum Einsatz kommt. Es wurde f\u00fcr den Einsatz unter schwierigen Bedingungen bei hohen Temperaturen und H\u00f6henlagen entwickelt und ist ein wichtiges Ersatzteil f\u00fcr Betreiber in <strong>Afrika, Asien und Lateinamerika<\/strong>, die zuverl\u00e4ssige Triebwerke f\u00fcr zivile und milit\u00e4rische Flugzeugflotten ben\u00f6tigen.<\/p>\n","protected":false},"featured_media":4807,"comment_status":"closed","ping_status":"closed","template":"","meta":[],"product_brand":[],"product_cat":[146],"product_tag":[],"class_list":{"0":"post-5116","1":"product","2":"type-product","3":"status-publish","4":"has-post-thumbnail","5":"","6":"product_cat-flugzeugersatzteile-verkauf","8":"first","9":"instock","10":"sold-individually","11":"shipping-taxable","12":"product-type-simple"},"yoast_head":"<!-- This site is optimized with the Yoast SEO Premium plugin v27.1 (Yoast SEO v27.1.1) - https:\/\/yoast.com\/product\/yoast-seo-premium-wordpress\/ -->\n<title>TV3-117VM zu verkaufen. Hubschraubermotor f\u00fcr Mi-8, Mi-17<\/title>\n<meta name=\"description\" content=\"Kaufen Sie den Hubschraubermotor TV3-117VM f\u00fcr Mi-8, Mi-17. Zertifiziertes Ersatzteil f\u00fcr Motoraustausch und -\u00fcberholung zu verkaufen. Schnelle Lieferung nach Afrika, Asien und Lateinamerika\" \/>\n<meta name=\"robots\" content=\"index, follow, max-snippet:-1, max-image-preview:large, max-video-preview:-1\" \/>\n<link rel=\"canonical\" href=\"https:\/\/airsps.com\/de\/aktie\/flugzeugersatzteile-verkauf\/tv3-117vm-hubschraubermotor\/\" \/>\n<script type=\"application\/ld+json\" class=\"yoast-schema-graph\">{\"@context\":\"https:\/\/schema.org\",\"@graph\":[{\"@type\":\"BreadcrumbList\",\"@id\":\"https:\/\/airsps.com\/de\/aktie\/flugzeugersatzteile-verkauf\/tv3-117vm-hubschraubermotor\/#breadcrumb\",\"itemListElement\":[{\"@type\":\"ListItem\",\"position\":1,\"name\":\"Wichtigsten\",\"item\":\"https:\/\/airsps.com\/de\/\"},{\"@type\":\"ListItem\",\"position\":2,\"name\":\"Aktie\",\"item\":\"https:\/\/airsps.com\/de\/aktie\/\"},{\"@type\":\"ListItem\",\"position\":3,\"name\":\"TV3-117VM Hubschraubermotor zu verkaufen\"}]}]}<\/script>\n<!-- \/ Yoast SEO Premium plugin. -->","yoast_head_json":{"title":"TV3-117VM zu verkaufen. Hubschraubermotor f\u00fcr Mi-8, Mi-17","description":"Kaufen Sie den Hubschraubermotor TV3-117VM f\u00fcr Mi-8, Mi-17. Zertifiziertes Ersatzteil f\u00fcr Motoraustausch und -\u00fcberholung zu verkaufen. Schnelle Lieferung nach Afrika, Asien und Lateinamerika","robots":{"index":"index","follow":"follow","max-snippet":"max-snippet:-1","max-image-preview":"max-image-preview:large","max-video-preview":"max-video-preview:-1"},"canonical":"https:\/\/airsps.com\/de\/aktie\/flugzeugersatzteile-verkauf\/tv3-117vm-hubschraubermotor\/","schema":{"@context":"https:\/\/schema.org","@graph":[{"@type":"BreadcrumbList","@id":"https:\/\/airsps.com\/de\/aktie\/flugzeugersatzteile-verkauf\/tv3-117vm-hubschraubermotor\/#breadcrumb","itemListElement":[{"@type":"ListItem","position":1,"name":"Wichtigsten","item":"https:\/\/airsps.com\/de\/"},{"@type":"ListItem","position":2,"name":"Aktie","item":"https:\/\/airsps.com\/de\/aktie\/"},{"@type":"ListItem","position":3,"name":"TV3-117VM Hubschraubermotor zu verkaufen"}]}]}},"_links":{"self":[{"href":"https:\/\/airsps.com\/de\/wp-json\/wp\/v2\/product\/5116","targetHints":{"allow":["GET"]}}],"collection":[{"href":"https:\/\/airsps.com\/de\/wp-json\/wp\/v2\/product"}],"about":[{"href":"https:\/\/airsps.com\/de\/wp-json\/wp\/v2\/types\/product"}],"replies":[{"embeddable":true,"href":"https:\/\/airsps.com\/de\/wp-json\/wp\/v2\/comments?post=5116"}],"wp:featuredmedia":[{"embeddable":true,"href":"https:\/\/airsps.com\/de\/wp-json\/wp\/v2\/media\/4807"}],"wp:attachment":[{"href":"https:\/\/airsps.com\/de\/wp-json\/wp\/v2\/media?parent=5116"}],"wp:term":[{"taxonomy":"product_brand","embeddable":true,"href":"https:\/\/airsps.com\/de\/wp-json\/wp\/v2\/product_brand?post=5116"},{"taxonomy":"product_cat","embeddable":true,"href":"https:\/\/airsps.com\/de\/wp-json\/wp\/v2\/product_cat?post=5116"},{"taxonomy":"product_tag","embeddable":true,"href":"https:\/\/airsps.com\/de\/wp-json\/wp\/v2\/product_tag?post=5116"}],"curies":[{"name":"wp","href":"https:\/\/api.w.org\/{rel}","templated":true}]}}