{"id":3938,"date":"2023-02-25T12:24:36","date_gmt":"2023-02-25T12:24:36","guid":{"rendered":"https:\/\/airsps.com\/stock\/uncategorized\/1990-mi-8t-transporthubschrauber-zu-verkaufen-1476\/"},"modified":"2023-02-25T12:24:36","modified_gmt":"2023-02-25T12:24:36","slug":"1990-mi-8t-transporthubschrauber-zu-verkaufen-1476","status":"publish","type":"product","link":"https:\/\/airsps.com\/de\/aktie\/flugzeuge-zum-verkauf\/hubschrauber-zum-verkauf\/1990-mi-8t-transporthubschrauber-zu-verkaufen-1476\/","title":{"rendered":"1990 Mi-8T Transport"},"content":{"rendered":"<p>Der mittlere Mehrzweck-<a title=\"Hauptangebot\" href=\"https:\/\/airsps.com\/main-aircraft-offerings\/\" rel=\"\">Transporthubschrauber Mi-8T<\/a> verf\u00fcgt \u00fcber einzigartige Flug-, Technik- und Einsatzmerkmale. Die hohe Zuverl\u00e4ssigkeit, die einfache Bedienung und Wartung sowie der bequeme Betrieb des Hubschraubers haben ihn weltweit popul\u00e4r gemacht.<\/p>\n<p>In der Standardkonfiguration ist die Transportversion des Hubschraubers f\u00fcr den Transport von Fracht und Passagieren ausgelegt. Bei Bedarf kann der Hubschrauber mit zus\u00e4tzlichen Treibstofftanks und abnehmbaren Ausr\u00fcstungen ausgestattet und zur Brandbek\u00e4mpfung, f\u00fcr Such- und Rettungsaktionen, Luftaufnahmen und andere Eins\u00e4tze verwendet werden.<\/p>\n<p>Die robuste und gro\u00dfe Frachtkabine ist f\u00fcr die Bef\u00f6rderung einer Vielzahl von Frachtkonfigurationen mit einem Gesamtvolumen von bis zu 23 Kubikmetern ausgelegt. Auf der R\u00fcckseite befindet sich eine gro\u00dfe Klappe und auf der linken Seite eine Schiebet\u00fcr, die das Beladen erleichtert. Das Fahrerhaus hat herausnehmbare Klappsitze f\u00fcr 22 Fahrg\u00e4ste.<\/p>\n<p>Zum Schutz vor Vereisung sind die Haupt- und Heckrotorbl\u00e4tter sowie die Cockpitfenster mit einem elektrothermischen Vereisungsschutzsystem ausgestattet.<\/p>\n<p>Aufgrund der Konstruktion und Ausr\u00fcstung des Hubschraubers kann er an autonomen St\u00fctzpunkten und unausger\u00fcsteten Standorten eingesetzt werden.<\/p>\n","protected":false},"excerpt":{"rendered":"<p>Jahr: 1990<br \/>\nGesamtzeit: 1476<br \/>\nAnmerkungen: \u00fcberholungsbed\u00fcrftig<\/p>\n<p>Der Transporthubschrauber Mi-8T ist sowohl f\u00fcr die Bef\u00f6rderung von Fracht in der Frachtkabine als auch f\u00fcr den Transport von \u00fcbergro\u00dfer Fracht an einer externen Schlinge mit einem Gewicht von bis zu 3 Tonnen (6.600 Pfund) und einer Winde von bis zu 150 kg (330 Pfund) ausgelegt. Der Mi-8T wird f\u00fcr Bau- und Montagearbeiten und andere Arbeiten in schwer zug\u00e4nglichen Bereichen und Einrichtungen eingesetzt.<\/p>\n","protected":false},"featured_media":3378,"comment_status":"closed","ping_status":"closed","template":"","meta":[],"product_brand":[],"product_cat":[111],"product_tag":[],"class_list":{"0":"post-3938","1":"product","2":"type-product","3":"status-publish","4":"has-post-thumbnail","5":"","6":"product_cat-hubschrauber-zum-verkauf","8":"first","9":"instock","10":"sold-individually","11":"shipping-taxable","12":"product-type-simple"},"yoast_head":"<!-- This site is optimized with the Yoast SEO Premium plugin v27.1 (Yoast SEO v27.1.1) - https:\/\/yoast.com\/product\/yoast-seo-premium-wordpress\/ -->\n<title>1990 Mi-8T Transporthubschrauber &#8212; Luftfahrzeuge &amp; Teile zum Verkauf<\/title>\n<meta name=\"description\" content=\"1990 Mi-8T Transporthubschrauber zu verkaufen | Vielseitiges Luftfahrzeug f\u00fcr den Transport von bis zu 4.000 kg (8.818 Pfund) Fracht auf dem Luftweg \u00fcber 480 km (300 Meilen)\" \/>\n<meta name=\"robots\" content=\"index, follow, max-snippet:-1, max-image-preview:large, max-video-preview:-1\" \/>\n<link rel=\"canonical\" href=\"https:\/\/airsps.com\/de\/aktie\/flugzeuge-zum-verkauf\/hubschrauber-zum-verkauf\/1990-mi-8t-transporthubschrauber-zu-verkaufen-1476\/\" \/>\n<script type=\"application\/ld+json\" class=\"yoast-schema-graph\">{\"@context\":\"https:\/\/schema.org\",\"@graph\":[{\"@type\":\"BreadcrumbList\",\"@id\":\"https:\/\/airsps.com\/de\/aktie\/flugzeuge-zum-verkauf\/hubschrauber-zum-verkauf\/1990-mi-8t-transporthubschrauber-zu-verkaufen-1476\/#breadcrumb\",\"itemListElement\":[{\"@type\":\"ListItem\",\"position\":1,\"name\":\"Wichtigsten\",\"item\":\"https:\/\/airsps.com\/de\/\"},{\"@type\":\"ListItem\",\"position\":2,\"name\":\"Aktie\",\"item\":\"https:\/\/airsps.com\/de\/aktie\/\"},{\"@type\":\"ListItem\",\"position\":3,\"name\":\"Verkauf von Flugzeugen\",\"item\":\"https:\/\/airsps.com\/de\/lagerhaus\/flugzeuge-zum-verkauf\/\"},{\"@type\":\"ListItem\",\"position\":4,\"name\":\"Hubschrauber zum Verkauf\",\"item\":\"https:\/\/airsps.com\/de\/lagerhaus\/flugzeuge-zum-verkauf\/hubschrauber-zum-verkauf\/\"},{\"@type\":\"ListItem\",\"position\":5,\"name\":\"1990 Mi-8T Transport\"}]}]}<\/script>\n<!-- \/ Yoast SEO Premium plugin. -->","yoast_head_json":{"title":"1990 Mi-8T Transporthubschrauber &#8212; Luftfahrzeuge & Teile zum Verkauf","description":"1990 Mi-8T Transporthubschrauber zu verkaufen | Vielseitiges Luftfahrzeug f\u00fcr den Transport von bis zu 4.000 kg (8.818 Pfund) Fracht auf dem Luftweg \u00fcber 480 km (300 Meilen)","robots":{"index":"index","follow":"follow","max-snippet":"max-snippet:-1","max-image-preview":"max-image-preview:large","max-video-preview":"max-video-preview:-1"},"canonical":"https:\/\/airsps.com\/de\/aktie\/flugzeuge-zum-verkauf\/hubschrauber-zum-verkauf\/1990-mi-8t-transporthubschrauber-zu-verkaufen-1476\/","schema":{"@context":"https:\/\/schema.org","@graph":[{"@type":"BreadcrumbList","@id":"https:\/\/airsps.com\/de\/aktie\/flugzeuge-zum-verkauf\/hubschrauber-zum-verkauf\/1990-mi-8t-transporthubschrauber-zu-verkaufen-1476\/#breadcrumb","itemListElement":[{"@type":"ListItem","position":1,"name":"Wichtigsten","item":"https:\/\/airsps.com\/de\/"},{"@type":"ListItem","position":2,"name":"Aktie","item":"https:\/\/airsps.com\/de\/aktie\/"},{"@type":"ListItem","position":3,"name":"Verkauf von Flugzeugen","item":"https:\/\/airsps.com\/de\/lagerhaus\/flugzeuge-zum-verkauf\/"},{"@type":"ListItem","position":4,"name":"Hubschrauber zum Verkauf","item":"https:\/\/airsps.com\/de\/lagerhaus\/flugzeuge-zum-verkauf\/hubschrauber-zum-verkauf\/"},{"@type":"ListItem","position":5,"name":"1990 Mi-8T Transport"}]}]}},"_links":{"self":[{"href":"https:\/\/airsps.com\/de\/wp-json\/wp\/v2\/product\/3938","targetHints":{"allow":["GET"]}}],"collection":[{"href":"https:\/\/airsps.com\/de\/wp-json\/wp\/v2\/product"}],"about":[{"href":"https:\/\/airsps.com\/de\/wp-json\/wp\/v2\/types\/product"}],"replies":[{"embeddable":true,"href":"https:\/\/airsps.com\/de\/wp-json\/wp\/v2\/comments?post=3938"}],"wp:featuredmedia":[{"embeddable":true,"href":"https:\/\/airsps.com\/de\/wp-json\/wp\/v2\/media\/3378"}],"wp:attachment":[{"href":"https:\/\/airsps.com\/de\/wp-json\/wp\/v2\/media?parent=3938"}],"wp:term":[{"taxonomy":"product_brand","embeddable":true,"href":"https:\/\/airsps.com\/de\/wp-json\/wp\/v2\/product_brand?post=3938"},{"taxonomy":"product_cat","embeddable":true,"href":"https:\/\/airsps.com\/de\/wp-json\/wp\/v2\/product_cat?post=3938"},{"taxonomy":"product_tag","embeddable":true,"href":"https:\/\/airsps.com\/de\/wp-json\/wp\/v2\/product_tag?post=3938"}],"curies":[{"name":"wp","href":"https:\/\/api.w.org\/{rel}","templated":true}]}}