{"id":3931,"date":"2023-02-16T05:25:31","date_gmt":"2023-02-16T05:25:31","guid":{"rendered":"https:\/\/airsps.com\/stock\/uncategorized\/2008-mi-171-vip-passagierhubschrauber-zu-verkaufen-1031\/"},"modified":"2023-02-16T05:25:31","modified_gmt":"2023-02-16T05:25:31","slug":"2008-mi-171-vip-passagierhubschrauber-zu-verkaufen-1031","status":"publish","type":"product","link":"https:\/\/airsps.com\/de\/aktie\/flugzeuge-zum-verkauf\/hubschrauber-zum-verkauf\/2008-mi-171-vip-passagierhubschrauber-zu-verkaufen-1031\/","title":{"rendered":"2008 Mi-171 VIP-Passagier"},"content":{"rendered":"<p>Der VIP-Hubschrauber Mi-171 der mittleren Klasse wird haupts\u00e4chlich in der Staats- und Gesch\u00e4ftsluftfahrt eingesetzt. Das Flugzeug hat hervorragende Flug- und Leistungseigenschaften.<\/p>\n<p>W\u00e4hrend des Fluges ist ein hohes Ma\u00df an Sicherheit und Komfort f\u00fcr die Passagiere gew\u00e4hrleistet. An Bord des Hubschraubers k\u00f6nnen sich die Passagiere (Gesch\u00e4ftsleute, Beamte, Pr\u00e4sidenten und andere wichtige Personen) unter komfortablen Bedingungen ausruhen oder arbeiten.<\/p>\n<p>Die Innenausstattung besteht gr\u00f6\u00dftenteils aus Leder und Holz seltener Arten.<\/p>\n<ul>\n<li>Gro\u00dfz\u00fcgigkeit der VIP-Lounge<\/li>\n<li>separate Kabine f\u00fcr Begleitpersonen<\/li>\n<li>separate Kabine f\u00fcr VIP-Personen<\/li>\n<li>individuelle Kabinengestaltung<\/li>\n<li>Polsterm\u00f6bel aus hochwertigen Materialien<\/li>\n<li>Klimatisierungssystem<\/li>\n<li>Heizungsanlage<\/li>\n<li>Insassenwarnsystem<\/li>\n<li>niedriges Vibrationsniveau<\/li>\n<li>geringes Rauschen<\/li>\n<li>verschiedene Arten von Beleuchtung<\/li>\n<li>VIP-Sofas, VIP-St\u00fchle, Klapp- und Ausziehtische<\/li>\n<li>Satellitentelefon<\/li>\n<li>Konferenzsystem<\/li>\n<li>Audio-\/Videosystem<\/li>\n<li>externe Videokamera<\/li>\n<li>Minibar<\/li>\n<li>Lounge<\/li>\n<li>Gep\u00e4ckraum<\/li>\n<li>Toilette<\/li>\n<li>zwei Treppeneingangst\u00fcren (links und hinten)<\/li>\n<\/ul>\n","protected":false},"excerpt":{"rendered":"<p>Jahr: 2008<br \/>\nGesamtzeit: 1031<br \/>\nAnmerkungen: Reparaturen sind im Gange (Kalender)<\/p>\n<p>Der Passagierhubschrauber Mi-171 in der VIP-Version ist einer der beliebtesten <a title=\"2011 Mi-8AMT VIP Passagier M\u00e4rz 2021 \u00dcberholung\" href=\"https:\/\/airsps.com\/stock\/aircraft-for-sale\/helicopters\/2011-mi-8amt-vip-passenger-for-sale-655\/\" rel=\"\">Hubschrauber mit erh\u00f6htem Komfort f\u00fcr den Transport<\/a> von 14 Personen in Begleitung eines Stewards.<\/p>\n","protected":false},"featured_media":3391,"comment_status":"closed","ping_status":"closed","template":"","meta":[],"product_brand":[],"product_cat":[111],"product_tag":[],"class_list":{"0":"post-3931","1":"product","2":"type-product","3":"status-publish","4":"has-post-thumbnail","5":"","6":"product_cat-hubschrauber-zum-verkauf","8":"first","9":"instock","10":"sold-individually","11":"shipping-taxable","12":"product-type-simple"},"yoast_head":"<!-- This site is optimized with the Yoast SEO Premium plugin v27.1 (Yoast SEO v27.1.1) - https:\/\/yoast.com\/product\/yoast-seo-premium-wordpress\/ -->\n<title>2008 Mi-171 VIP Passagierhubschrauber &#8212; Luftfahrzeuge &amp; Teile zum Verkauf<\/title>\n<meta name=\"description\" content=\"2008 Mi-171 VIP-Passagierhubschrauber zu verkaufen | Zuverl\u00e4ssiges und sicheres Luftfahrzeug f\u00fcr einen komfortablen Flug und die Arbeit von sehr wichtigen Personen. Reparaturen sind im Gange\" \/>\n<meta name=\"robots\" content=\"index, follow, max-snippet:-1, max-image-preview:large, max-video-preview:-1\" \/>\n<link rel=\"canonical\" href=\"https:\/\/airsps.com\/de\/aktie\/flugzeuge-zum-verkauf\/hubschrauber-zum-verkauf\/2008-mi-171-vip-passagierhubschrauber-zu-verkaufen-1031\/\" \/>\n<script type=\"application\/ld+json\" class=\"yoast-schema-graph\">{\"@context\":\"https:\/\/schema.org\",\"@graph\":[{\"@type\":\"BreadcrumbList\",\"@id\":\"https:\/\/airsps.com\/de\/aktie\/flugzeuge-zum-verkauf\/hubschrauber-zum-verkauf\/2008-mi-171-vip-passagierhubschrauber-zu-verkaufen-1031\/#breadcrumb\",\"itemListElement\":[{\"@type\":\"ListItem\",\"position\":1,\"name\":\"Wichtigsten\",\"item\":\"https:\/\/airsps.com\/de\/\"},{\"@type\":\"ListItem\",\"position\":2,\"name\":\"Aktie\",\"item\":\"https:\/\/airsps.com\/de\/aktie\/\"},{\"@type\":\"ListItem\",\"position\":3,\"name\":\"Verkauf von Flugzeugen\",\"item\":\"https:\/\/airsps.com\/de\/lagerhaus\/flugzeuge-zum-verkauf\/\"},{\"@type\":\"ListItem\",\"position\":4,\"name\":\"Hubschrauber zum Verkauf\",\"item\":\"https:\/\/airsps.com\/de\/lagerhaus\/flugzeuge-zum-verkauf\/hubschrauber-zum-verkauf\/\"},{\"@type\":\"ListItem\",\"position\":5,\"name\":\"2008 Mi-171 VIP-Passagier\"}]}]}<\/script>\n<!-- \/ Yoast SEO Premium plugin. -->","yoast_head_json":{"title":"2008 Mi-171 VIP Passagierhubschrauber &#8212; Luftfahrzeuge & Teile zum Verkauf","description":"2008 Mi-171 VIP-Passagierhubschrauber zu verkaufen | Zuverl\u00e4ssiges und sicheres Luftfahrzeug f\u00fcr einen komfortablen Flug und die Arbeit von sehr wichtigen Personen. Reparaturen sind im Gange","robots":{"index":"index","follow":"follow","max-snippet":"max-snippet:-1","max-image-preview":"max-image-preview:large","max-video-preview":"max-video-preview:-1"},"canonical":"https:\/\/airsps.com\/de\/aktie\/flugzeuge-zum-verkauf\/hubschrauber-zum-verkauf\/2008-mi-171-vip-passagierhubschrauber-zu-verkaufen-1031\/","schema":{"@context":"https:\/\/schema.org","@graph":[{"@type":"BreadcrumbList","@id":"https:\/\/airsps.com\/de\/aktie\/flugzeuge-zum-verkauf\/hubschrauber-zum-verkauf\/2008-mi-171-vip-passagierhubschrauber-zu-verkaufen-1031\/#breadcrumb","itemListElement":[{"@type":"ListItem","position":1,"name":"Wichtigsten","item":"https:\/\/airsps.com\/de\/"},{"@type":"ListItem","position":2,"name":"Aktie","item":"https:\/\/airsps.com\/de\/aktie\/"},{"@type":"ListItem","position":3,"name":"Verkauf von Flugzeugen","item":"https:\/\/airsps.com\/de\/lagerhaus\/flugzeuge-zum-verkauf\/"},{"@type":"ListItem","position":4,"name":"Hubschrauber zum Verkauf","item":"https:\/\/airsps.com\/de\/lagerhaus\/flugzeuge-zum-verkauf\/hubschrauber-zum-verkauf\/"},{"@type":"ListItem","position":5,"name":"2008 Mi-171 VIP-Passagier"}]}]}},"_links":{"self":[{"href":"https:\/\/airsps.com\/de\/wp-json\/wp\/v2\/product\/3931","targetHints":{"allow":["GET"]}}],"collection":[{"href":"https:\/\/airsps.com\/de\/wp-json\/wp\/v2\/product"}],"about":[{"href":"https:\/\/airsps.com\/de\/wp-json\/wp\/v2\/types\/product"}],"replies":[{"embeddable":true,"href":"https:\/\/airsps.com\/de\/wp-json\/wp\/v2\/comments?post=3931"}],"wp:featuredmedia":[{"embeddable":true,"href":"https:\/\/airsps.com\/de\/wp-json\/wp\/v2\/media\/3391"}],"wp:attachment":[{"href":"https:\/\/airsps.com\/de\/wp-json\/wp\/v2\/media?parent=3931"}],"wp:term":[{"taxonomy":"product_brand","embeddable":true,"href":"https:\/\/airsps.com\/de\/wp-json\/wp\/v2\/product_brand?post=3931"},{"taxonomy":"product_cat","embeddable":true,"href":"https:\/\/airsps.com\/de\/wp-json\/wp\/v2\/product_cat?post=3931"},{"taxonomy":"product_tag","embeddable":true,"href":"https:\/\/airsps.com\/de\/wp-json\/wp\/v2\/product_tag?post=3931"}],"curies":[{"name":"wp","href":"https:\/\/api.w.org\/{rel}","templated":true}]}}