{"id":3930,"date":"2023-02-16T05:07:10","date_gmt":"2023-02-16T05:07:10","guid":{"rendered":"https:\/\/airsps.com\/stock\/uncategorized\/1981-mi-8p-passagierhubschrauber-zu-verkaufen-4974\/"},"modified":"2023-02-16T05:07:10","modified_gmt":"2023-02-16T05:07:10","slug":"1981-mi-8p-passagierhubschrauber-zu-verkaufen-4974","status":"publish","type":"product","link":"https:\/\/airsps.com\/de\/aktie\/flugzeuge-zum-verkauf\/hubschrauber-zum-verkauf\/1981-mi-8p-passagierhubschrauber-zu-verkaufen-4974\/","title":{"rendered":"1981 Mi-8P Passagier"},"content":{"rendered":"<p>Der Mi-8P-Hubschrauber ist als Einrotor-Hubschrauber konzipiert. Der f\u00fcnfbl\u00e4ttrige Hauptrotor hat drei Scharniere, der Heckrotor hat drei Bl\u00e4tter. Das Fahrwerk hat drei St\u00fctzen mit einer sich im Flug selbst positionierenden vorderen Strebe. Der Heckrotor ist durch eine Heckst\u00fctze gesch\u00fctzt.<\/p>\n<ul>\n<li>In der Passagierversion misst die Kabine 250x80x67 Zoll (6,36&#215;2,05&#215;1,7 Meter) und verf\u00fcgt \u00fcber 28 Sitze, die auf zwei Seiten mit einem Abstand von 29 Zoll (0,74 Meter) und einem Gang von 12 Zoll (0,3 Meter) angeordnet sind;<\/li>\n<li>im hinteren Teil der Kabine rechts befindet sich eine Garderobe, und im hinteren Teil der Fl\u00fcgel ist eine \u00d6ffnung f\u00fcr die hintere Eingangst\u00fcr, bestehend aus Fl\u00fcgeln und Rampe, angebracht.<\/li>\n<\/ul>\n<p>Der Heckausleger ist eine genietete Balken-Stringer-Konstruktion mit einer Arbeitsverkleidung, die mit Knoten f\u00fcr die Befestigung eines gesteuerten Stabilisators und einer Heckst\u00fctze ausgestattet ist.<\/p>\n","protected":false},"excerpt":{"rendered":"<p>Jahr: 1981<br \/>\nGesamtzeit: 4974<br \/>\nAnmerkungen: \u00fcberholungsbed\u00fcrftig<\/p>\n<p>Der Passagierhubschrauber Mi-8P unterscheidet sich vom Transporthubschrauber <a title=\"1990 Mi-8T Transport\" href=\"https:\/\/airsps.com\/stock\/aircraft-for-sale\/helicopters\/1990-mi-8t-transport-helicopter-for-sale-1476\/\" rel=\"\">Mi-8T<\/a> durch rechteckige Bullaugen und das Fehlen der Heckauslegerantenne Dopplergeschwindigkeit und Driftwinkel DIV-1. In der Kabine sind 28 weiche Passagiersitze eingebaut. Die Mi-8P kann als Sanit\u00e4ts- und Transportflugzeug eingesetzt werden, das Fracht transportiert, auch solche auf einem externen Tragetuch.<\/p>\n","protected":false},"featured_media":3388,"comment_status":"closed","ping_status":"closed","template":"","meta":[],"product_brand":[],"product_cat":[111],"product_tag":[],"class_list":{"0":"post-3930","1":"product","2":"type-product","3":"status-publish","4":"has-post-thumbnail","5":"","6":"product_cat-hubschrauber-zum-verkauf","8":"first","9":"instock","10":"sold-individually","11":"shipping-taxable","12":"product-type-simple"},"yoast_head":"<!-- This site is optimized with the Yoast SEO Premium plugin v27.1 (Yoast SEO v27.1.1) - https:\/\/yoast.com\/product\/yoast-seo-premium-wordpress\/ -->\n<title>1981 Mi-8P Passagierhubschrauber &#8212; Luftfahrzeuge &amp; Teile zum Verkauf<\/title>\n<meta name=\"description\" content=\"1981 Mi-8P Passagierhubschrauber zu verkaufen | Zuverl\u00e4ssiges Luftfahrzeug f\u00fcr die Bef\u00f6rderung von 28 Passagieren \u00fcber eine Entfernung von 264 Meilen (425 km) - \u00dcberholungsbed\u00fcrftig.\" \/>\n<meta name=\"robots\" content=\"index, follow, max-snippet:-1, max-image-preview:large, max-video-preview:-1\" \/>\n<link rel=\"canonical\" href=\"https:\/\/airsps.com\/de\/aktie\/flugzeuge-zum-verkauf\/hubschrauber-zum-verkauf\/1981-mi-8p-passagierhubschrauber-zu-verkaufen-4974\/\" \/>\n<script type=\"application\/ld+json\" class=\"yoast-schema-graph\">{\"@context\":\"https:\/\/schema.org\",\"@graph\":[{\"@type\":\"BreadcrumbList\",\"@id\":\"https:\/\/airsps.com\/de\/aktie\/flugzeuge-zum-verkauf\/hubschrauber-zum-verkauf\/1981-mi-8p-passagierhubschrauber-zu-verkaufen-4974\/#breadcrumb\",\"itemListElement\":[{\"@type\":\"ListItem\",\"position\":1,\"name\":\"Wichtigsten\",\"item\":\"https:\/\/airsps.com\/de\/\"},{\"@type\":\"ListItem\",\"position\":2,\"name\":\"Aktie\",\"item\":\"https:\/\/airsps.com\/de\/aktie\/\"},{\"@type\":\"ListItem\",\"position\":3,\"name\":\"Verkauf von Flugzeugen\",\"item\":\"https:\/\/airsps.com\/de\/lagerhaus\/flugzeuge-zum-verkauf\/\"},{\"@type\":\"ListItem\",\"position\":4,\"name\":\"Hubschrauber zum Verkauf\",\"item\":\"https:\/\/airsps.com\/de\/lagerhaus\/flugzeuge-zum-verkauf\/hubschrauber-zum-verkauf\/\"},{\"@type\":\"ListItem\",\"position\":5,\"name\":\"1981 Mi-8P Passagier\"}]}]}<\/script>\n<!-- \/ Yoast SEO Premium plugin. -->","yoast_head_json":{"title":"1981 Mi-8P Passagierhubschrauber &#8212; Luftfahrzeuge & Teile zum Verkauf","description":"1981 Mi-8P Passagierhubschrauber zu verkaufen | Zuverl\u00e4ssiges Luftfahrzeug f\u00fcr die Bef\u00f6rderung von 28 Passagieren \u00fcber eine Entfernung von 264 Meilen (425 km) - \u00dcberholungsbed\u00fcrftig.","robots":{"index":"index","follow":"follow","max-snippet":"max-snippet:-1","max-image-preview":"max-image-preview:large","max-video-preview":"max-video-preview:-1"},"canonical":"https:\/\/airsps.com\/de\/aktie\/flugzeuge-zum-verkauf\/hubschrauber-zum-verkauf\/1981-mi-8p-passagierhubschrauber-zu-verkaufen-4974\/","schema":{"@context":"https:\/\/schema.org","@graph":[{"@type":"BreadcrumbList","@id":"https:\/\/airsps.com\/de\/aktie\/flugzeuge-zum-verkauf\/hubschrauber-zum-verkauf\/1981-mi-8p-passagierhubschrauber-zu-verkaufen-4974\/#breadcrumb","itemListElement":[{"@type":"ListItem","position":1,"name":"Wichtigsten","item":"https:\/\/airsps.com\/de\/"},{"@type":"ListItem","position":2,"name":"Aktie","item":"https:\/\/airsps.com\/de\/aktie\/"},{"@type":"ListItem","position":3,"name":"Verkauf von Flugzeugen","item":"https:\/\/airsps.com\/de\/lagerhaus\/flugzeuge-zum-verkauf\/"},{"@type":"ListItem","position":4,"name":"Hubschrauber zum Verkauf","item":"https:\/\/airsps.com\/de\/lagerhaus\/flugzeuge-zum-verkauf\/hubschrauber-zum-verkauf\/"},{"@type":"ListItem","position":5,"name":"1981 Mi-8P Passagier"}]}]}},"_links":{"self":[{"href":"https:\/\/airsps.com\/de\/wp-json\/wp\/v2\/product\/3930","targetHints":{"allow":["GET"]}}],"collection":[{"href":"https:\/\/airsps.com\/de\/wp-json\/wp\/v2\/product"}],"about":[{"href":"https:\/\/airsps.com\/de\/wp-json\/wp\/v2\/types\/product"}],"replies":[{"embeddable":true,"href":"https:\/\/airsps.com\/de\/wp-json\/wp\/v2\/comments?post=3930"}],"wp:featuredmedia":[{"embeddable":true,"href":"https:\/\/airsps.com\/de\/wp-json\/wp\/v2\/media\/3388"}],"wp:attachment":[{"href":"https:\/\/airsps.com\/de\/wp-json\/wp\/v2\/media?parent=3930"}],"wp:term":[{"taxonomy":"product_brand","embeddable":true,"href":"https:\/\/airsps.com\/de\/wp-json\/wp\/v2\/product_brand?post=3930"},{"taxonomy":"product_cat","embeddable":true,"href":"https:\/\/airsps.com\/de\/wp-json\/wp\/v2\/product_cat?post=3930"},{"taxonomy":"product_tag","embeddable":true,"href":"https:\/\/airsps.com\/de\/wp-json\/wp\/v2\/product_tag?post=3930"}],"curies":[{"name":"wp","href":"https:\/\/api.w.org\/{rel}","templated":true}]}}