{"id":3718,"date":"2024-08-07T12:31:01","date_gmt":"2024-08-07T12:31:01","guid":{"rendered":"https:\/\/airsps.com\/stock\/unkategorisiert\/2022-mi-171e-transport-passagier-neu\/"},"modified":"2025-08-12T15:52:17","modified_gmt":"2025-08-12T15:52:17","slug":"2022-mi-171e-transport-passagierhubschrauber-zu-verkaufen","status":"publish","type":"product","link":"https:\/\/airsps.com\/de\/aktie\/flugzeuge-zum-verkauf\/hubschrauber-zum-verkauf\/2022-mi-171e-transport-passagierhubschrauber-zu-verkaufen\/","title":{"rendered":"2022 Mi-171E Transport \/ Passagier NEU"},"content":{"rendered":"<h2>Gemeinsame Daten<\/h2>\n<p>Der Hubschrauber Mi-171E ist eine verbesserte Version des weltber\u00fchmten Hubschraubers Mi-8. Es wurden mehr als 12 Tausend Mi-8 \/ Mi-17 \/ Mi-171 Hubschrauber produziert, von denen etwa 4.000 exportiert wurden. Derzeit werden Mi-8 \/ Mi-17-Hubschrauber in mehr als 80 L\u00e4ndern auf der ganzen Welt eingesetzt. Die Gesamtflugzeit dieser Hubschrauber \u00fcbersteigt 35 Millionen Stunden.<\/p>\n<p>Das Design, die verwendeten Materialien, die Dokumentation, die Fertigungstechnologie und die Eigenschaften des Hubschraubers gew\u00e4hrleisten seinen sicheren Betrieb. Der Hubschrauber wird unter allen klimatischen Bedingungen betrieben: an Land, auf See, in jeder mikroklimatischen Zone, einschlie\u00dflich Meeres-, tropischem und kaltem Klima, unter dem Einfluss von Seenebel und Meerwasser.<\/p>\n<p>Der Hubschrauber kann bei Au\u00dfentemperaturen von minus 50C bis plus 50C und einer relativen Luftfeuchtigkeit von bis zu 100% betrieben werden.<\/p>\n<h2>Hauptzwecke des Mi-171E<\/h2>\n<p>Der Mi-171E wurde entwickelt, um eine Vielzahl von Aufgaben zu l\u00f6sen. Wenn die entsprechende Ausr\u00fcstung installiert ist, kann der Hubschrauber f\u00fcr die folgenden grundlegenden Operationen verwendet werden:<\/p>\n<ul>\n<li>bef\u00f6rderung von Passagieren;<\/li>\n<li>Transport von Fracht bis zu 4000 kg innerhalb der Fracht;<\/li>\n<li>fach \/ an einer externen Schlinge;<\/li>\n<li>such- und Rettungseins\u00e4tze;<\/li>\n<li>evakuierung von bis zu 12 Personen auf Sanit\u00e4rtragen und Krankenwagen<\/li>\n<li>bau- und Installationsarbeiten;<\/li>\n<li>patrouillieren;<\/li>\n<li>brandbek\u00e4mpfung.<\/li>\n<\/ul>\n<h2>Wartung und Lebensdauer<\/h2>\n<p>Die Wartung des Hubschraubers Mi-171E erfolgt in \u00dcbereinstimmung mit den Flugstunden der Flugzeugzelle und gew\u00e4hrleistet bei rechtzeitiger und qualitativ hochwertiger Umsetzung der zugewiesenen Verfahren die erforderliche Wartungsfreundlichkeit und Flugbereitschaft des Hubschraubers.<\/p>\n<p>Der Wartungsplan (MS) ist das wichtigste Betriebsdokument, das die Wartungsobjekte (Systeme, Subsysteme und Objekte), die Liste und die H\u00e4ufigkeit der durchgef\u00fchrten Verfahren definiert.<\/p>\n<p>Der Wartungsplan sieht folgende Arten der Hubschrauberwartung vor:<\/p>\n<ul>\n<li>Linie;<\/li>\n<li>Zeitschrift;<\/li>\n<li>speziell;<\/li>\n<li>bei der Lagerung eines Hubschraubers;<\/li>\n<li>saisonal.<\/li>\n<\/ul>\n<h2>Liniendienst<\/h2>\n<p>Die lineare Wartung wird am Hubschrauberstand durchgef\u00fchrt, stellt die bestimmungsgem\u00e4\u00dfe Verwendung des Hubschraubers sicher und umfasst:<\/p>\n<ul>\n<li>Vorbereitende (Hilfs-) Operationen;<\/li>\n<li>Arbeiten zur Sichtpr\u00fcfung, Wartung und \u00dcberwachung des technischen Zustands;<\/li>\n<li>Abfahrt und Parken.<\/li>\n<\/ul>\n<h2>Regelm\u00e4\u00dfige Wartung (geplante Wartungsarbeiten)<\/h2>\n<p>Die regelm\u00e4\u00dfige Wartung wird dem TSN der Flugzeugzelle in Stunden oder nach der letzten \u00dcberholung zugewiesen und besteht aus Operationen der Grundform F-1, die nach jeweils (50\u00b110) Stunden Hubschrauberflugzeit und Hilfsarbeiten F = 2, 3, 4 und 5.<\/p>\n<p>Die Notwendigkeit, diese Arbeiten durchzuf\u00fchren, wird durch die Betriebszeit des Hubschraubers alle 100, 300, 500, 1000 Flugstunden bestimmt, unabh\u00e4ngig von der Toleranz, die f\u00fcr vorherige regelm\u00e4\u00dfige Wartungsarbeiten zul\u00e4ssig ist.<\/p>\n<p>F\u00fcr alle periodischen Wartungsarbeiten wird ein einheitlicher Standard von \u00b1 10 Flugstunden festgelegt. Bei der schrittweisen Wartung d\u00fcrfen die Flugstunden bei Arbeiten mit einem Wartungsintervall von 100 Stunden oder mehr auf \u00b120 Stunden erh\u00f6ht werden.<\/p>\n<p>F\u00fcr Triebwerke, Einheiten und Instrumente wird die Wartung basierend auf den Flugstunden der Flugzeugzelle zugewiesen. Bei Austausch des Triebwerks (der Triebwerke) oder anderer Komponenten aufgrund von Ablauf der Lebensdauer oder vorzeitig m\u00fcssen Wartungsarbeiten in der f\u00fcr die Flugstunden der Flugzeugzelle und Hilfsarbeiten erforderlichen Form durchgef\u00fchrt werden:<\/p>\n<ul>\n<li>in direktem Zusammenhang mit dem Austausch des Motors (der Motoren) oder seiner Komponenten;<\/li>\n<li>bezieht sich auf die Inspektion von Flugzeugzellenstrukturteilen und Teilen von Stromversorgungssystemen, zu denen der Zugang nur bei ausgebautem Triebwerk oder seinen Komponenten m\u00f6glich ist.<\/li>\n<\/ul>\n<p>Die anschlie\u00dfende Wartung des Triebwerks (der Triebwerke) und anderer Komponenten erfolgt gem\u00e4\u00df Wartungsformularen, die der Betriebszeit der Flugzeugzelle entsprechen.<\/p>\n<p>Um einen st\u00f6rungsfreien Betrieb des Hubschraubers unter verschiedenen klimatischen Bedingungen, unter intensiven Betriebsbedingungen, bei der Ausf\u00fchrung spezieller Aufgaben sowie bei langen Pausen zwischen den Fl\u00fcgen zu gew\u00e4hrleisten, hat der leitende Angestellte des luftfahrttechnischen Dienstes des Betreibers das Recht, zus\u00e4tzliche Arbeiten anzuordnen. oder eine zus\u00e4tzliche periodische Form der Wartung.<\/p>\n<h2>Sonderwartung (au\u00dferplanm\u00e4\u00dfige Wartung)<\/h2>\n<p>Spezielle Wartungsarbeiten umfassen Arbeiten, nachdem der Hubschrauber Belastungen ausgesetzt war, die durch abnormale Betriebsbedingungen verursacht wurden, wie z:<\/p>\n<ul>\n<li>harte Landung;<\/li>\n<li>fliegen in turbulenter Luft;<\/li>\n<li>fliegen bei st\u00fcrmischen Bedingungen (Blitzschlag);<\/li>\n<li>flug bei Vereisungsbedingungen;<\/li>\n<li>exposition gegen\u00fcber Hagel oder anderen Sturmbedingungen;<\/li>\n<li>\u00fcberschreitung der Fluggrenzen w\u00e4hrend des Fluges.<\/li>\n<\/ul>\n<h2>Lagerservice<\/h2>\n<p>Wird w\u00e4hrend vor\u00fcbergehender Flugpausen durchgef\u00fchrt und besteht aus Prozeduren:<\/p>\n<ul>\n<li>bereiten Sie den Hubschrauber f\u00fcr die Lagerung vor;<\/li>\n<li>warten Sie den Hubschrauber alle (30\u00b15) Tage, 3 Monate \u00b110 Tage, (6\u00b11) Monate;<\/li>\n<li>bereiten Sie den Hubschrauber nach der Lagerung f\u00fcr Fl\u00fcge vor.<\/li>\n<\/ul>\n<h2>Saisonaler Service<\/h2>\n<p>Die saisonale Wartung wird durchgef\u00fchrt, indem der Hubschrauber f\u00fcr die Betriebszeiten Herbst-Winter und Fr\u00fchling-Sommer vorbereitet wird.<\/p>\n<p>Alle im Wartungshandbuch erforderlichen Vorg\u00e4nge werden in \u00dcbereinstimmung mit den Aufgabenkarten im Hubschrauber-Wartungshandbuch und dem Wartungs- und Lagerhandbuch im Komponentenbetriebshandbuch ausgef\u00fchrt.<\/p>\n","protected":false},"excerpt":{"rendered":"<p>Jahr: 2022 (2 Stk.)<br \/>\nHubschrauber-Ressource: 18000<br \/>\nZeit zwischen \u00dcberholungen: 2000<br \/>\nLebensdauer: 35 Jahre<\/p>\n<p>#1<br \/>\nGesamtzeit: 3<br \/>\nVerbleibende Ressource: 17997<br \/>\nDer Rest der Interreparaturressource: 1997<\/p>\n<p>#2<br \/>\nGesamtzeit: 5<br \/>\nVerbleibende Ressource: 17995<br \/>\nDer Rest der Interreparaturressource: 1995<\/p>\n<p>2 (zwei) Mi-171E-Hubschrauber k\u00f6nnen komplett geliefert werden mit: Ersatzteilen, Abdeckungen, Bodenunterst\u00fctzungsausr\u00fcstung und -werkzeugen, einer Reihe von Betriebs- und Reparaturdokumentationen.<\/p>\n<p><strong>Garantien f\u00fcr Hubschrauber und Ausr\u00fcstung<\/strong><br \/>\nDie Garantiezeit f\u00fcr dieses Angebot ist wie folgt:<\/p>\n<ul>\n<li>f\u00fcr einen Hubschrauber &#8211; 12 (zw\u00f6lf) Monate oder 300 (dreihundert) Flugstunden ab dem Datum der Unterzeichnung der Hubschrauberabnahmebescheinigung, je nachdem, was zuerst eintritt;<\/li>\n<li>f\u00fcr Hubschrauberausr\u00fcstung &#8211; 12 (zw\u00f6lf) Monate ab dem Datum der Vertragsunterzeichnung.<\/li>\n<\/ul>\n<p>Ein erweiterter Garantieservice kann gegen Aufpreis angeboten werden.<\/p>\n","protected":false},"featured_media":3631,"comment_status":"closed","ping_status":"closed","template":"","meta":[],"product_brand":[],"product_cat":[111],"product_tag":[],"class_list":{"0":"post-3718","1":"product","2":"type-product","3":"status-publish","4":"has-post-thumbnail","5":"","6":"product_cat-hubschrauber-zum-verkauf","8":"first","9":"instock","10":"sold-individually","11":"shipping-taxable","12":"product-type-simple"},"yoast_head":"<!-- This site is optimized with the Yoast SEO Premium plugin v27.1 (Yoast SEO v27.1.1) - https:\/\/yoast.com\/product\/yoast-seo-premium-wordpress\/ -->\n<title>2022 Mi-171E Transport Passagierhubschrauber zum Verkauf \/ TT 3 Stunden<\/title>\n<meta name=\"description\" content=\"Transport Passagierhubschrauber Mi-171E zum Verkauf | 2022 Gesamtzeit: 3 Stunden. Neues Fahrzeug f\u00fcr den Lufttransport von Fracht und Passagieren\" \/>\n<meta name=\"robots\" content=\"index, follow, max-snippet:-1, max-image-preview:large, max-video-preview:-1\" \/>\n<link rel=\"canonical\" href=\"https:\/\/airsps.com\/de\/aktie\/flugzeuge-zum-verkauf\/hubschrauber-zum-verkauf\/2022-mi-171e-transport-passagierhubschrauber-zu-verkaufen\/\" \/>\n<script type=\"application\/ld+json\" class=\"yoast-schema-graph\">{\"@context\":\"https:\/\/schema.org\",\"@graph\":[{\"@type\":\"BreadcrumbList\",\"@id\":\"https:\/\/airsps.com\/de\/aktie\/flugzeuge-zum-verkauf\/hubschrauber-zum-verkauf\/2022-mi-171e-transport-passagierhubschrauber-zu-verkaufen\/#breadcrumb\",\"itemListElement\":[{\"@type\":\"ListItem\",\"position\":1,\"name\":\"Wichtigsten\",\"item\":\"https:\/\/airsps.com\/de\/\"},{\"@type\":\"ListItem\",\"position\":2,\"name\":\"Aktie\",\"item\":\"https:\/\/airsps.com\/de\/aktie\/\"},{\"@type\":\"ListItem\",\"position\":3,\"name\":\"Verkauf von Flugzeugen\",\"item\":\"https:\/\/airsps.com\/de\/lagerhaus\/flugzeuge-zum-verkauf\/\"},{\"@type\":\"ListItem\",\"position\":4,\"name\":\"Hubschrauber zum Verkauf\",\"item\":\"https:\/\/airsps.com\/de\/lagerhaus\/flugzeuge-zum-verkauf\/hubschrauber-zum-verkauf\/\"},{\"@type\":\"ListItem\",\"position\":5,\"name\":\"2022 Mi-171E Transport \/ Passagier NEU\"}]}]}<\/script>\n<!-- \/ Yoast SEO Premium plugin. -->","yoast_head_json":{"title":"2022 Mi-171E Transport Passagierhubschrauber zum Verkauf \/ TT 3 Stunden","description":"Transport Passagierhubschrauber Mi-171E zum Verkauf | 2022 Gesamtzeit: 3 Stunden. Neues Fahrzeug f\u00fcr den Lufttransport von Fracht und Passagieren","robots":{"index":"index","follow":"follow","max-snippet":"max-snippet:-1","max-image-preview":"max-image-preview:large","max-video-preview":"max-video-preview:-1"},"canonical":"https:\/\/airsps.com\/de\/aktie\/flugzeuge-zum-verkauf\/hubschrauber-zum-verkauf\/2022-mi-171e-transport-passagierhubschrauber-zu-verkaufen\/","schema":{"@context":"https:\/\/schema.org","@graph":[{"@type":"BreadcrumbList","@id":"https:\/\/airsps.com\/de\/aktie\/flugzeuge-zum-verkauf\/hubschrauber-zum-verkauf\/2022-mi-171e-transport-passagierhubschrauber-zu-verkaufen\/#breadcrumb","itemListElement":[{"@type":"ListItem","position":1,"name":"Wichtigsten","item":"https:\/\/airsps.com\/de\/"},{"@type":"ListItem","position":2,"name":"Aktie","item":"https:\/\/airsps.com\/de\/aktie\/"},{"@type":"ListItem","position":3,"name":"Verkauf von Flugzeugen","item":"https:\/\/airsps.com\/de\/lagerhaus\/flugzeuge-zum-verkauf\/"},{"@type":"ListItem","position":4,"name":"Hubschrauber zum Verkauf","item":"https:\/\/airsps.com\/de\/lagerhaus\/flugzeuge-zum-verkauf\/hubschrauber-zum-verkauf\/"},{"@type":"ListItem","position":5,"name":"2022 Mi-171E Transport \/ Passagier NEU"}]}]}},"_links":{"self":[{"href":"https:\/\/airsps.com\/de\/wp-json\/wp\/v2\/product\/3718","targetHints":{"allow":["GET"]}}],"collection":[{"href":"https:\/\/airsps.com\/de\/wp-json\/wp\/v2\/product"}],"about":[{"href":"https:\/\/airsps.com\/de\/wp-json\/wp\/v2\/types\/product"}],"replies":[{"embeddable":true,"href":"https:\/\/airsps.com\/de\/wp-json\/wp\/v2\/comments?post=3718"}],"wp:featuredmedia":[{"embeddable":true,"href":"https:\/\/airsps.com\/de\/wp-json\/wp\/v2\/media\/3631"}],"wp:attachment":[{"href":"https:\/\/airsps.com\/de\/wp-json\/wp\/v2\/media?parent=3718"}],"wp:term":[{"taxonomy":"product_brand","embeddable":true,"href":"https:\/\/airsps.com\/de\/wp-json\/wp\/v2\/product_brand?post=3718"},{"taxonomy":"product_cat","embeddable":true,"href":"https:\/\/airsps.com\/de\/wp-json\/wp\/v2\/product_cat?post=3718"},{"taxonomy":"product_tag","embeddable":true,"href":"https:\/\/airsps.com\/de\/wp-json\/wp\/v2\/product_tag?post=3718"}],"curies":[{"name":"wp","href":"https:\/\/api.w.org\/{rel}","templated":true}]}}