{"id":3754,"date":"2023-01-06T12:23:01","date_gmt":"2023-01-06T12:23:01","guid":{"rendered":"https:\/\/airsps.com\/luftspionage-kontakte\/"},"modified":"2025-11-16T06:53:48","modified_gmt":"2025-11-16T06:53:48","slug":"kontakte","status":"publish","type":"page","link":"https:\/\/airsps.com\/de\/kontakte\/","title":{"rendered":"AirSPS Kontakte"},"content":{"rendered":"<p>Sie k\u00f6nnen Flugzeuge f\u00fcr den Transport von \u00fcbergro\u00dfen G\u00fctern und St\u00fcckgut nutzen.<\/p>\n<ul>\n<li>Boeing 747-400F<\/li>\n<li>Airbus A330-200F<\/li>\n<li>AN-124 Ruslan<\/li>\n<li><a title=\"1984 IL-76TD Frachtflugzeug (g\u00fcltig)\" href=\"https:\/\/airsps.com\/stock\/aircraft-for-sale\/planes\/1984-il-76td-sale-cargo-plane-5620\/\" rel=\"\">IL-76TD<\/a><\/li>\n<\/ul>\n<p><a href=\"https:\/\/wa.me\/15852826595\" target=\"_blank\" rel=\"noopener\"><span itemprop=\"image\" itemscope itemtype=\"https:\/\/schema.org\/ImageObject\"><img itemprop=\"url image\" decoding=\"async\" class=\"icon_middle alignnone wp-image-3607 size-full\" title=\"Contact for WhatsApp Business\" src=\"https:\/\/airsps.com\/wp-content\/uploads\/2024\/08\/icon-whatsapp-50x50-1.png\" alt=\"Contact for WhatsApp Business\" width=\"50\" height=\"50\"  data-wp-pid=\"3607\" \/><meta itemprop=\"width\" content=\"50\"><meta itemprop=\"height\" content=\"50\"><\/span><\/a> <a title=\"Contact for WhatsApp Business\" href=\"https:\/\/wa.me\/15852826595\" target=\"_blank\" rel=\"nofollow noopener\">WhatsApp Business<\/a><\/p>\n<p>Rufen Sie uns an unter <a title=\"Rufen Sie +1-585-282-6595 an.\" href=\"tel:+15852826595\" rel=\"\">+1-585-282-6595<\/a><br \/>\nOder senden Sie Ihre Bestellung <a title=\"order@airsps.com\" href=\"mailto:order@airsps.com\" rel=\"\">order@airsps.com<\/a><\/p>\n<h2>R\u00fcckmeldung<\/h2>\n\n<div class=\"wpcf7 no-js\" id=\"wpcf7-f500-o1\" lang=\"en-US\" dir=\"ltr\" data-wpcf7-id=\"500\">\n<div class=\"screen-reader-response\"><p role=\"status\" aria-live=\"polite\" aria-atomic=\"true\"><\/p> <ul><\/ul><\/div>\n<form action=\"\/de\/wp-json\/wp\/v2\/pages\/3754#wpcf7-f500-o1\" method=\"post\" class=\"wpcf7-form init wpcf7-acceptance-as-validation\" aria-label=\"Contact form\" enctype=\"multipart\/form-data\" novalidate=\"novalidate\" data-status=\"init\">\n<fieldset class=\"hidden-fields-container\"><input type=\"hidden\" name=\"_wpcf7\" value=\"500\" \/><input type=\"hidden\" name=\"_wpcf7_version\" value=\"6.1.4\" \/><input type=\"hidden\" name=\"_wpcf7_locale\" value=\"en_US\" \/><input type=\"hidden\" name=\"_wpcf7_unit_tag\" value=\"wpcf7-f500-o1\" \/><input type=\"hidden\" name=\"_wpcf7_container_post\" value=\"0\" \/><input type=\"hidden\" name=\"_wpcf7_posted_data_hash\" value=\"\" \/>\n<\/fieldset>\n<p><span class=\"wpcf7-form-control-wrap\" data-name=\"your-name\"><input size=\"40\" maxlength=\"50\" class=\"wpcf7-form-control wpcf7-text wpcf7-validates-as-required contact-form__field\" aria-required=\"true\" aria-invalid=\"false\" placeholder=\"Your name*\" value=\"\" type=\"text\" name=\"your-name\" \/><\/span><br \/>\n<span class=\"wpcf7-form-control-wrap\" data-name=\"tel-117\"><input size=\"40\" maxlength=\"20\" class=\"wpcf7-form-control wpcf7-tel wpcf7-validates-as-required wpcf7-text wpcf7-validates-as-tel contact-form__field\" aria-required=\"true\" aria-invalid=\"false\" placeholder=\"Phone*\" value=\"\" type=\"tel\" name=\"tel-117\" \/><\/span><br \/>\n<span class=\"wpcf7-form-control-wrap\" data-name=\"your-email\"><input size=\"40\" maxlength=\"50\" class=\"wpcf7-form-control wpcf7-email wpcf7-validates-as-required wpcf7-text wpcf7-validates-as-email contact-form__field\" aria-required=\"true\" aria-invalid=\"false\" placeholder=\"Email*\" value=\"\" type=\"email\" name=\"your-email\" \/><\/span><br \/>\n<span class=\"wpcf7-form-control-wrap\" data-name=\"text-236\"><input size=\"40\" maxlength=\"70\" class=\"wpcf7-form-control wpcf7-text wpcf7-validates-as-required contact-form__field\" aria-required=\"true\" aria-invalid=\"false\" placeholder=\"You Country*\" value=\"\" type=\"text\" name=\"text-236\" \/><\/span><br \/>\n<span class=\"wpcf7-form-control-wrap\" data-name=\"your-message\"><textarea cols=\"40\" rows=\"5\" maxlength=\"2000\" minlength=\"10\" class=\"wpcf7-form-control wpcf7-textarea wpcf7-validates-as-required contact-form__field\" aria-required=\"true\" aria-invalid=\"false\" placeholder=\"Message*\" name=\"your-message\"><\/textarea><\/span><br \/>\n<label> If You Have a LOI, Please Attach It<br \/>\n<span class=\"wpcf7-form-control-wrap\" data-name=\"file-250\"><input size=\"40\" class=\"wpcf7-form-control wpcf7-file btn\" accept=\".doc,.docx,.txt,.xlsx,.xls,.csv,.pdf,.png,.jpg,.jpeg\" aria-invalid=\"false\" type=\"file\" name=\"file-250\" \/><\/span> <\/label><br \/>\n<label><br \/>\n<span class=\"wpcf7-form-control-wrap\" data-name=\"cmplz-acceptance\"><span class=\"wpcf7-form-control wpcf7-acceptance\"><span class=\"wpcf7-list-item\"><label><input type=\"checkbox\" name=\"cmplz-acceptance\" value=\"1\" aria-invalid=\"false\" \/><span class=\"wpcf7-list-item-label\">To submit this form, you need to accept our <a href=\"?cmplz_region_redirect=true\" target=\"_blank\" rel=\"noopener noreferrer\">Privacy Statement<\/a><\/span><\/label><\/span><\/span><\/span><\/label><br \/>\n<span class=\"wpcf7-form-control-wrap kc_captcha cf7ic-toggle\" data-name=\"kc_captcha\"><span class=\"wpcf7-form-control wpcf7-radio\"><span class=\"captcha-image\" style=\"display: none;\"><span class=\"cf7ic_instructions\">Please prove you are human by selecting the<span> cup<\/span>.<\/span><label><input aria-label=\"1\" type=\"radio\" name=\"kc_captcha\" value=\"bot\" \/><svg aria-hidden=\"true\" role=\"img\" xmlns=\"http:\/\/www.w3.org\/2000\/svg\" viewBox=\"0 0 576 512\"><path fill=\"currentColor\" d=\"M259 18l-65 132-146 22c-26 3-37 36-18 54l106 103-25 146c-5 26 23 46 46 33l131-68 131 68c23 13 51-7 46-33l-25-146 106-103c19-18 8-51-18-54l-146-22-65-132a32 32 0 00-58 0z\"\/><\/svg><\/label><label><input aria-label=\"2\" type=\"radio\" name=\"kc_captcha\" value=\"kc_human\" \/><svg aria-hidden=\"true\" role=\"img\" xmlns=\"http:\/\/www.w3.org\/2000\/svg\" viewBox=\"0 0 640 512\"><path fill=\"currentColor\" d=\"M192 384h192c53 0 96-43 96-96h32a128 128 0 000-256H120c-13 0-24 11-24 24v232c0 53 43 96 96 96zM512 96a64 64 0 010 128h-32V96h32zm48 384H48c-47 0-61-64-36-64h584c25 0 11 64-36 64z\"\/><\/svg><\/label><label><input aria-label=\"3\" type=\"radio\" name=\"kc_captcha\" value=\"bot\" \/><svg aria-hidden=\"true\" role=\"img\" xmlns=\"http:\/\/www.w3.org\/2000\/svg\" viewBox=\"0 0 384 512\"><path fill=\"currentColor\" d=\"M377 375l-83-87h34c21 0 32-25 17-40l-82-88h33c21 0 32-25 18-40L210 8c-10-11-26-11-36 0L70 120c-14 15-3 40 18 40h33l-82 88c-15 15-4 40 17 40h34L7 375c-15 16-4 41 17 41h120c0 33-11 49-34 68-12 9-5 28 10 28h144c15 0 22-19 10-28-20-16-34-32-34-68h120c21 0 32-25 17-41z\"\/><\/svg><\/label>\r\n    <\/span>\r\n    <span style=\"display:none\">\r\n        <input type=\"text\" name=\"kc_honeypot\">\r\n    <\/span><\/span><\/span><br \/>\n<input class=\"wpcf7-form-control wpcf7-submit has-spinner btn\" type=\"submit\" value=\"Send\" \/>\n<\/p>\n<p>This site is protected by reCAPTCHA and the Google<br \/>\n<a href=\"https:\/\/policies.google.com\/privacy\" target=\"_blank\" rel=\"noopener noreferrer\">Privacy Policy<\/a> and<br \/>\n<a href=\"https:\/\/policies.google.com\/terms\" target=\"_blank\" rel=\"noopener noreferrer\">Terms of Service<\/a> apply.\n<\/p><div class=\"wpcf7-response-output\" aria-hidden=\"true\"><\/div>\n<\/form>\n<\/div>\n\n","protected":false},"excerpt":{"rendered":"<p>Sie k\u00f6nnen Flugzeuge f\u00fcr den Transport von \u00fcbergro\u00dfen G\u00fctern und St\u00fcckgut nutzen. Boeing 747-400F Airbus A330-200F AN-124 Ruslan IL-76TD WhatsApp Business Rufen Sie uns an unter +1-585-282-6595 Oder senden Sie Ihre Bestellung order@airsps.com R\u00fcckmeldung<\/p>\n","protected":false},"author":1,"featured_media":3341,"parent":0,"menu_order":0,"comment_status":"closed","ping_status":"closed","template":"","meta":{"footnotes":""},"class_list":["post-3754","page","type-page","status-publish","has-post-thumbnail",""],"yoast_head":"<!-- This site is optimized with the Yoast SEO Premium plugin v27.1 (Yoast SEO v27.1.1) - https:\/\/yoast.com\/product\/yoast-seo-premium-wordpress\/ -->\n<title>AirSPS AirSPS Kontakte<\/title>\n<meta name=\"description\" content=\"AirSPS | Kontaktieren Sie uns, um \u00fcbergro\u00dfe Luftfracht, Charterdienste oder Flugzeugteile zu bestellen. Luftfrachttransporte weltweit.\" \/>\n<meta name=\"robots\" content=\"index, follow, max-snippet:-1, max-image-preview:large, max-video-preview:-1\" \/>\n<link rel=\"canonical\" href=\"https:\/\/airsps.com\/de\/kontakte\/\" \/>\n<script type=\"application\/ld+json\" class=\"yoast-schema-graph\">{\"@context\":\"https:\/\/schema.org\",\"@graph\":[{\"@type\":\"BreadcrumbList\",\"@id\":\"https:\/\/airsps.com\/de\/kontakte\/#breadcrumb\",\"itemListElement\":[{\"@type\":\"ListItem\",\"position\":1,\"name\":\"Wichtigsten\",\"item\":\"https:\/\/airsps.com\/de\/\"},{\"@type\":\"ListItem\",\"position\":2,\"name\":\"AirSPS Kontakte\"}]}]}<\/script>\n<!-- \/ Yoast SEO Premium plugin. -->","yoast_head_json":{"title":"AirSPS AirSPS Kontakte","description":"AirSPS | Kontaktieren Sie uns, um \u00fcbergro\u00dfe Luftfracht, Charterdienste oder Flugzeugteile zu bestellen. Luftfrachttransporte weltweit.","robots":{"index":"index","follow":"follow","max-snippet":"max-snippet:-1","max-image-preview":"max-image-preview:large","max-video-preview":"max-video-preview:-1"},"canonical":"https:\/\/airsps.com\/de\/kontakte\/","schema":{"@context":"https:\/\/schema.org","@graph":[{"@type":"BreadcrumbList","@id":"https:\/\/airsps.com\/de\/kontakte\/#breadcrumb","itemListElement":[{"@type":"ListItem","position":1,"name":"Wichtigsten","item":"https:\/\/airsps.com\/de\/"},{"@type":"ListItem","position":2,"name":"AirSPS Kontakte"}]}]}},"_links":{"self":[{"href":"https:\/\/airsps.com\/de\/wp-json\/wp\/v2\/pages\/3754","targetHints":{"allow":["GET"]}}],"collection":[{"href":"https:\/\/airsps.com\/de\/wp-json\/wp\/v2\/pages"}],"about":[{"href":"https:\/\/airsps.com\/de\/wp-json\/wp\/v2\/types\/page"}],"author":[{"embeddable":true,"href":"https:\/\/airsps.com\/de\/wp-json\/wp\/v2\/users\/1"}],"replies":[{"embeddable":true,"href":"https:\/\/airsps.com\/de\/wp-json\/wp\/v2\/comments?post=3754"}],"version-history":[{"count":3,"href":"https:\/\/airsps.com\/de\/wp-json\/wp\/v2\/pages\/3754\/revisions"}],"predecessor-version":[{"id":5102,"href":"https:\/\/airsps.com\/de\/wp-json\/wp\/v2\/pages\/3754\/revisions\/5102"}],"wp:featuredmedia":[{"embeddable":true,"href":"https:\/\/airsps.com\/de\/wp-json\/wp\/v2\/media\/3341"}],"wp:attachment":[{"href":"https:\/\/airsps.com\/de\/wp-json\/wp\/v2\/media?parent=3754"}],"curies":[{"name":"wp","href":"https:\/\/api.w.org\/{rel}","templated":true}]}}