{"id":3724,"date":"2023-01-08T09:46:41","date_gmt":"2023-01-08T09:46:41","guid":{"rendered":"https:\/\/airsps.com\/hauptangebot\/"},"modified":"2025-09-07T17:45:11","modified_gmt":"2025-09-07T17:45:11","slug":"haupt-flugzeug-angebote","status":"publish","type":"page","link":"https:\/\/airsps.com\/de\/haupt-flugzeug-angebote\/","title":{"rendered":"Hauptangebot"},"content":{"rendered":"<h2>Luftfracht \u00fcbergro\u00dfer Fracht<\/h2>\n<p>Lieferung von <a title=\"Schwere und \u00fcbergro\u00dfe Fracht\" href=\"https:\/\/airsps.com\/de\/luftfracht\/\" rel=\"\">schweren und \u00fcbergro\u00dfen Frachtg\u00fctern<\/a> zum Flughafen, Luftfracht von komplexen Frachtg\u00fctern und Gefahreng\u00fctern. <a title=\"Luftfracht \u00fcbergro\u00dfer Fracht\" href=\"https:\/\/airsps.com\/air-freight\/air-freight-of-oversized-cargo\/\" rel=\"\">\u00dcbergro\u00dfe Luftfracht<\/a> \u2013 F\u00fcr solche Transporte bieten wir einzigartige Flugzeuge vom Typ <a title=\"1984 IL-76TD Frachtflugzeug (g\u00fcltig)\" href=\"https:\/\/airsps.com\/stock\/aircraft-for-sale\/planes\/1984-il-76td-sale-cargo-plane-5620\/\" rel=\"\">IL-76TD<\/a> und AN-124 Ruslan an.<\/p>\n<h2>Lufttransport von Sammelgut und St\u00fcckgut<\/h2>\n<p>Lieferung der Fracht zum Flughafen, Flugabfertigung, Zahlung der Geb\u00fchren und Lagerung. F\u00fcr den <a title=\"Luftfrachtcharter\" href=\"https:\/\/airsps.com\/air-freight\/air-cargo-charter\/\" rel=\"\">Transport von Standardfracht<\/a>, <a title=\"Lufttransport von Sammel- und St\u00fcckgut\" href=\"https:\/\/airsps.com\/air-freight\/air-transportation-groupage-cargo\/\" rel=\"\">Sammelgut und St\u00fcckgut bieten wir Frachtflugzeuge<\/a> vom Typ Boeing 747-400F und Airbus A330-200F an.<\/p>\n<h2>Flugzeuge zum Verkauf<\/h2>\n<h3>Aktuelles Angebot<\/h3>\n<ul>\n<li><strong>Transport-Hubschrauber Mi-17V-5<\/strong>, 2010\u20132013, 500\u2013600 Betriebsstunden, 8 Einheiten, \u00dcberholung im Jahr 2025.<br \/>\nPreis 10.000.000 USD.<\/li>\n<li><strong>Transport-Hubschrauber Mi-171E<\/strong>, 2022, 0 Betriebsstunden, 2 Einheiten.<br \/>\nPreis 16.500.000 USD.<\/li>\n<li><strong>Mi-8AMT Transport-\/Fracht-Hubschrauber<\/strong>, 2009, 6 Stunden, 2 Einheiten, \u00dcberholung im Jahr 2025.<br \/>\nPreis: 8.000.000 USD.<\/li>\n<li><strong>Mi-8AMT Passagierhubschrauber<\/strong>, VIP-Salon, 2011, 800 Betriebsstunden, \u00dcberholung 2023, 0 Betriebsstunden.<br \/>\nPreis 10.500.000 USD.<\/li>\n<li><strong>Mi-8MTV-1 Passagierhubschrauber<\/strong>, VIP-Salon, 2022, 20 Stunden.<br \/>\nPreis 11.000.000 USD.<\/li>\n<li><strong>Agusta AW139 Passagierhubschrauber<\/strong>, 2013, VIP-Salon, 400 Betriebsstunden.<br \/>\nPreis 12.000.000 USD.<\/li>\n<li><strong>Mi-26T Schwerlast-Hubschrauber<\/strong>, 1989, 3548 Betriebsstunden, \u00dcberholung 2012, 1226 Betriebsstunden.<br \/>\nPreis 16.000.000 USD.<\/li>\n<\/ul>\n<h3>Hubschrauber<\/h3>\n<ul>\n<li>Mi-8P (Passagier) 1981, \u00fcberholungsbed\u00fcrftig, 4974 Stunden &#8230; verkauft<\/li>\n<li>Mi-8T (Fracht) 1990, \u00fcberholungsbed\u00fcrftig, 1476 Betriebsstunden \u2026 verkauft<\/li>\n<li>Mi-8T (Passagier) 1992, Erneuerung erforderlich, 3020 Stunden &#8230; verkauft<\/li>\n<li>Mi-8T (Passagier) 1992, Erneuerung erforderlich, 3803 Stunden &#8230; verkauft<\/li>\n<li>Mi-8T (Fracht) 1983, nach General\u00fcberholung 2022, 2729 Betriebsstunden \u2026 2.200.000 $<\/li>\n<li>Mi-8T (Fracht) 1989, nach General\u00fcberholung 2020, 10249 Betriebsstunden \u2026 2.200.000 $<\/li>\n<li>Mi-8MTV-1 (Fracht) 1992, nach General\u00fcberholung 2022, 1600 Betriebsstunden \u2026 5.700.000 $<\/li>\n<li>Mi-8MTV-1 (Fracht) 1992, \u00dcberholung nach 2404 Betriebsstunden erforderlich \u2026 verkauft<\/li>\n<li>Mi-8MTV-1 (Fracht) 1992, \u00fcberholungsbed\u00fcrftig, 2764 Betriebsstunden \u2026 verkauft<\/li>\n<li>Mi-8AMT (Fracht) 2020, 245 Stunden \u2026 verkauft<\/li>\n<li>Mi-8AMT (Fracht) 2017, 1075 Betriebsstunden \u2026 verkauft<\/li>\n<li>Mi-8AMT (Fracht) 2008, \u00dcberholung 2017 1380 Betriebsstunden \u2026 verkauft<\/li>\n<li>Mi-8AMT (Fracht) 1992, nach General\u00fcberholung 2022, 11.000 Betriebsstunden \u2026 5.700.000 $<\/li>\n<li>Mi-8AMT (Passagier, VIP-Salon) 2011, nach Grund\u00fcberholung 2021, 655 Stunden &#8230; $10.000.000<\/li>\n<li>Mi-26T (2 pieces, transport) 1991, without engines, 300 hours &#8230; $500.000<\/li>\n<li>MI-172 (Fracht) 2008, reparaturbed\u00fcrftig, 555 Stunden vor der \u00dcberholung, 2158 Stunden \u2026 verkauft<\/li>\n<li>MI-17 V5 (Fracht) 2005, reparaturbed\u00fcrftig, 947 Stunden vor der \u00dcberholung, 1741 Stunden \u2026 verkauft<\/li>\n<li>Mi-171VIP (Passagier, VIP-Salon) 2008, Reparaturen sind im Gange (Kalender), 1031 Stunden &#8230; $8.600.000<\/li>\n<\/ul>\n<h3>Flugzeuge<\/h3>\n<ul>\n<li><span style=\"font-weight: 400;\">L-39 (5 St\u00fcck), 1981, muss \u00fcberholt werden &#8230; verkauft<\/span><\/li>\n<li><span style=\"font-weight: 400;\">AN-26B (Fracht) 1974, nach \u00dcberholung, 11072 Stunden &#8230; verkauft<\/span><\/li>\n<li><span style=\"font-weight: 400;\">L-410 UVP (Fracht) 1984, nach Grund\u00fcberholung, 6059 Stunden &#8230; verkauft<\/span><\/li>\n<li><span style=\"font-weight: 400;\">L-410 UVP (Fracht) 1984, nach General\u00fcberholung, 1714 Stunden &#8230; verkauft<\/span><\/li>\n<li><span style=\"font-weight: 400;\">L-410 UVP-E (Fracht) 1990, nach Grund\u00fcberholung, 1953 Stunden &#8230; verkauft<\/span><\/li>\n<li><a title=\"1984 IL-76TD Frachtflugzeug (g\u00fcltig)\" href=\"https:\/\/airsps.com\/stock\/aircraft-for-sale\/planes\/1984-il-76td-sale-cargo-plane-5620\/\" rel=\"\">IL-76TD, 1984, Luftt\u00fcchtigkeitszeugnis bis zum 28.11.2023, 5620 Stunden &#8230; verkauft<\/a><\/li>\n<\/ul>\n<h2>Reparatur von Flugzeugen<\/h2>\n<p>Ein wichtiger Teil unseres Gesch\u00e4fts ist der weltweite Verkauf und die Wartung russischer Flugzeuge. Wir bieten den Transport Ihrer russischen Hubschrauber zu zertifizierten Flugzeugfabriken zur Reparatur an.<\/p>\n<h2>R\u00fcckmeldung<\/h2>\n<p>Wir sind bereit, andere Modelle zu liefern &#8211; senden Sie uns das LOI per E-Mail <a href=\"mailto:order@airsps.com\">order@airsps.com<\/a><\/p>\n\n<div class=\"wpcf7 no-js\" id=\"wpcf7-f500-o1\" lang=\"en-US\" dir=\"ltr\" data-wpcf7-id=\"500\">\n<div class=\"screen-reader-response\"><p role=\"status\" aria-live=\"polite\" aria-atomic=\"true\"><\/p> <ul><\/ul><\/div>\n<form action=\"\/de\/wp-json\/wp\/v2\/pages\/3724#wpcf7-f500-o1\" method=\"post\" class=\"wpcf7-form init wpcf7-acceptance-as-validation\" aria-label=\"Contact form\" enctype=\"multipart\/form-data\" novalidate=\"novalidate\" data-status=\"init\">\n<fieldset class=\"hidden-fields-container\"><input type=\"hidden\" name=\"_wpcf7\" value=\"500\" \/><input type=\"hidden\" name=\"_wpcf7_version\" value=\"6.1.4\" \/><input type=\"hidden\" name=\"_wpcf7_locale\" value=\"en_US\" \/><input type=\"hidden\" name=\"_wpcf7_unit_tag\" value=\"wpcf7-f500-o1\" \/><input type=\"hidden\" name=\"_wpcf7_container_post\" value=\"0\" \/><input type=\"hidden\" name=\"_wpcf7_posted_data_hash\" value=\"\" \/>\n<\/fieldset>\n<p><span class=\"wpcf7-form-control-wrap\" data-name=\"your-name\"><input size=\"40\" maxlength=\"50\" class=\"wpcf7-form-control wpcf7-text wpcf7-validates-as-required contact-form__field\" aria-required=\"true\" aria-invalid=\"false\" placeholder=\"Your name*\" value=\"\" type=\"text\" name=\"your-name\" \/><\/span><br \/>\n<span class=\"wpcf7-form-control-wrap\" data-name=\"tel-117\"><input size=\"40\" maxlength=\"20\" class=\"wpcf7-form-control wpcf7-tel wpcf7-validates-as-required wpcf7-text wpcf7-validates-as-tel contact-form__field\" aria-required=\"true\" aria-invalid=\"false\" placeholder=\"Phone*\" value=\"\" type=\"tel\" name=\"tel-117\" \/><\/span><br \/>\n<span class=\"wpcf7-form-control-wrap\" data-name=\"your-email\"><input size=\"40\" maxlength=\"50\" class=\"wpcf7-form-control wpcf7-email wpcf7-validates-as-required wpcf7-text wpcf7-validates-as-email contact-form__field\" aria-required=\"true\" aria-invalid=\"false\" placeholder=\"Email*\" value=\"\" type=\"email\" name=\"your-email\" \/><\/span><br \/>\n<span class=\"wpcf7-form-control-wrap\" data-name=\"text-236\"><input size=\"40\" maxlength=\"70\" class=\"wpcf7-form-control wpcf7-text wpcf7-validates-as-required contact-form__field\" aria-required=\"true\" aria-invalid=\"false\" placeholder=\"You Country*\" value=\"\" type=\"text\" name=\"text-236\" \/><\/span><br \/>\n<span class=\"wpcf7-form-control-wrap\" data-name=\"your-message\"><textarea cols=\"40\" rows=\"5\" maxlength=\"2000\" minlength=\"10\" class=\"wpcf7-form-control wpcf7-textarea wpcf7-validates-as-required contact-form__field\" aria-required=\"true\" aria-invalid=\"false\" placeholder=\"Message*\" name=\"your-message\"><\/textarea><\/span><br \/>\n<label> If You Have a LOI, Please Attach It<br \/>\n<span class=\"wpcf7-form-control-wrap\" data-name=\"file-250\"><input size=\"40\" class=\"wpcf7-form-control wpcf7-file btn\" accept=\".doc,.docx,.txt,.xlsx,.xls,.csv,.pdf,.png,.jpg,.jpeg\" aria-invalid=\"false\" type=\"file\" name=\"file-250\" \/><\/span> <\/label><br \/>\n<label><br \/>\n<span class=\"wpcf7-form-control-wrap\" data-name=\"cmplz-acceptance\"><span class=\"wpcf7-form-control wpcf7-acceptance\"><span class=\"wpcf7-list-item\"><label><input type=\"checkbox\" name=\"cmplz-acceptance\" value=\"1\" aria-invalid=\"false\" \/><span class=\"wpcf7-list-item-label\">To submit this form, you need to accept our <a href=\"?cmplz_region_redirect=true\" target=\"_blank\" rel=\"noopener noreferrer\">Privacy Statement<\/a><\/span><\/label><\/span><\/span><\/span><\/label><br \/>\n<span class=\"wpcf7-form-control-wrap kc_captcha cf7ic-toggle\" data-name=\"kc_captcha\"><span class=\"wpcf7-form-control wpcf7-radio\"><span class=\"captcha-image\" style=\"display: none;\"><span class=\"cf7ic_instructions\">Please prove you are human by selecting the<span> plane<\/span>.<\/span><label><input aria-label=\"1\" type=\"radio\" name=\"kc_captcha\" value=\"bot\" \/><svg aria-hidden=\"true\" role=\"img\" xmlns=\"http:\/\/www.w3.org\/2000\/svg\" viewBox=\"0 0 512 512\"><path fill=\"currentColor\" d=\"M500 168h-55l-8-21a127 127 0 00-120-83H195a127 127 0 00-120 83l-8 21H12c-8 0-14 8-11 16l8 24a12 12 0 0011 8h29a64 64 0 00-33 56v48c0 16 6 31 16 42v62c0 13 11 24 24 24h48c13 0 24-11 24-24v-40h256v40c0 13 11 24 24 24h48c13 0 24-11 24-24v-62c10-11 16-26 16-42v-48c0-24-13-45-33-56h29a12 12 0 0011-8l8-24c3-8-3-16-11-16zm-365 2c9-25 33-42 60-42h122c27 0 51 17 60 42l15 38H120l15-38zM88 328a32 32 0 010-64c18 0 48 30 48 48s-30 16-48 16zm336 0c-18 0-48 2-48-16s30-48 48-48 32 14 32 32-14 32-32 32z\"\/><\/svg><\/label><label><input aria-label=\"2\" type=\"radio\" name=\"kc_captcha\" value=\"bot\" \/><svg aria-hidden=\"true\" role=\"img\" xmlns=\"http:\/\/www.w3.org\/2000\/svg\" viewBox=\"0 0 512 512\"><path fill=\"currentColor\" d=\"M350 99c-54 0-98-35-166-35-25 0-47 4-68 12a56 56 0 004-24C118 24 95 1 66 0a56 56 0 00-34 102v386c0 13 11 24 24 24h16c13 0 24-11 24-24v-94c28-12 64-23 114-23 54 0 98 35 166 35 48 0 86-16 122-41 9-6 14-15 14-26V96c0-23-24-39-45-29-35 16-77 32-117 32z\"\/><\/svg><\/label><label><input aria-label=\"3\" type=\"radio\" name=\"kc_captcha\" value=\"kc_human\" \/><svg aria-hidden=\"true\" role=\"img\" xmlns=\"http:\/\/www.w3.org\/2000\/svg\" viewBox=\"0 0 576 512\"><path fill=\"currentColor\" d=\"M472 200H360L256 6a12 12 0 00-10-6h-58c-8 0-14 7-12 15l34 185H100l-35-58a12 12 0 00-10-6H12c-8 0-13 7-12 14l21 106L0 362c-1 7 4 14 12 14h43c4 0 8-2 10-6l35-58h110l-34 185c-2 8 4 15 12 15h58a12 12 0 0010-6l104-194h112c57 0 104-25 104-56s-47-56-104-56z\"\/><\/svg><\/label>\r\n    <\/span>\r\n    <span style=\"display:none\">\r\n        <input type=\"text\" name=\"kc_honeypot\">\r\n    <\/span><\/span><\/span><br \/>\n<input class=\"wpcf7-form-control wpcf7-submit has-spinner btn\" type=\"submit\" value=\"Send\" \/>\n<\/p>\n<p>This site is protected by reCAPTCHA and the Google<br \/>\n<a href=\"https:\/\/policies.google.com\/privacy\" target=\"_blank\" rel=\"noopener noreferrer\">Privacy Policy<\/a> and<br \/>\n<a href=\"https:\/\/policies.google.com\/terms\" target=\"_blank\" rel=\"noopener noreferrer\">Terms of Service<\/a> apply.\n<\/p><div class=\"wpcf7-response-output\" aria-hidden=\"true\"><\/div>\n<\/form>\n<\/div>\n\n","protected":false},"excerpt":{"rendered":"<p>Luftfracht \u00fcbergro\u00dfer Fracht Lieferung von schweren und \u00fcbergro\u00dfen Frachtg\u00fctern zum Flughafen, Luftfracht von komplexen Frachtg\u00fctern und Gefahreng\u00fctern. \u00dcbergro\u00dfe Luftfracht \u2013 F\u00fcr solche Transporte bieten wir einzigartige Flugzeuge vom Typ IL-76TD und AN-124 Ruslan an. Lufttransport von Sammelgut und St\u00fcckgut Lieferung der Fracht zum Flughafen, Flugabfertigung, Zahlung der Geb\u00fchren und Lagerung. F\u00fcr den Transport von Standardfracht, [&hellip;]<\/p>\n","protected":false},"author":1,"featured_media":3360,"parent":0,"menu_order":0,"comment_status":"closed","ping_status":"closed","template":"","meta":{"footnotes":""},"class_list":["post-3724","page","type-page","status-publish","has-post-thumbnail",""],"yoast_head":"<!-- This site is optimized with the Yoast SEO Premium plugin v27.1 (Yoast SEO v27.1.1) - https:\/\/yoast.com\/product\/yoast-seo-premium-wordpress\/ -->\n<title>Schwere und \u00fcbergro\u00dfe Luftfracht. Flugzeuge und Hubschrauber zu verkaufen<\/title>\n<meta name=\"description\" content=\"Sehen Sie sich unsere Preisliste f\u00fcr den Verkauf von Flugzeugen \u2013 Frachtflugzeuge, Transport- und VIP-Passagierhubschrauber \u2013 sowie unser Angebot f\u00fcr die Luftfracht von \u00fcbergro\u00dfen G\u00fctern an.\" \/>\n<meta name=\"robots\" content=\"index, follow, max-snippet:-1, max-image-preview:large, max-video-preview:-1\" \/>\n<link rel=\"canonical\" href=\"https:\/\/airsps.com\/de\/haupt-flugzeug-angebote\/\" \/>\n<script type=\"application\/ld+json\" class=\"yoast-schema-graph\">{\"@context\":\"https:\/\/schema.org\",\"@graph\":[{\"@type\":\"BreadcrumbList\",\"@id\":\"https:\/\/airsps.com\/de\/haupt-flugzeug-angebote\/#breadcrumb\",\"itemListElement\":[{\"@type\":\"ListItem\",\"position\":1,\"name\":\"Wichtigsten\",\"item\":\"https:\/\/airsps.com\/de\/\"},{\"@type\":\"ListItem\",\"position\":2,\"name\":\"Hauptangebot\"}]}]}<\/script>\n<!-- \/ Yoast SEO Premium plugin. -->","yoast_head_json":{"title":"Schwere und \u00fcbergro\u00dfe Luftfracht. Flugzeuge und Hubschrauber zu verkaufen","description":"Sehen Sie sich unsere Preisliste f\u00fcr den Verkauf von Flugzeugen \u2013 Frachtflugzeuge, Transport- und VIP-Passagierhubschrauber \u2013 sowie unser Angebot f\u00fcr die Luftfracht von \u00fcbergro\u00dfen G\u00fctern an.","robots":{"index":"index","follow":"follow","max-snippet":"max-snippet:-1","max-image-preview":"max-image-preview:large","max-video-preview":"max-video-preview:-1"},"canonical":"https:\/\/airsps.com\/de\/haupt-flugzeug-angebote\/","schema":{"@context":"https:\/\/schema.org","@graph":[{"@type":"BreadcrumbList","@id":"https:\/\/airsps.com\/de\/haupt-flugzeug-angebote\/#breadcrumb","itemListElement":[{"@type":"ListItem","position":1,"name":"Wichtigsten","item":"https:\/\/airsps.com\/de\/"},{"@type":"ListItem","position":2,"name":"Hauptangebot"}]}]}},"_links":{"self":[{"href":"https:\/\/airsps.com\/de\/wp-json\/wp\/v2\/pages\/3724","targetHints":{"allow":["GET"]}}],"collection":[{"href":"https:\/\/airsps.com\/de\/wp-json\/wp\/v2\/pages"}],"about":[{"href":"https:\/\/airsps.com\/de\/wp-json\/wp\/v2\/types\/page"}],"author":[{"embeddable":true,"href":"https:\/\/airsps.com\/de\/wp-json\/wp\/v2\/users\/1"}],"replies":[{"embeddable":true,"href":"https:\/\/airsps.com\/de\/wp-json\/wp\/v2\/comments?post=3724"}],"version-history":[{"count":1,"href":"https:\/\/airsps.com\/de\/wp-json\/wp\/v2\/pages\/3724\/revisions"}],"predecessor-version":[{"id":4762,"href":"https:\/\/airsps.com\/de\/wp-json\/wp\/v2\/pages\/3724\/revisions\/4762"}],"wp:featuredmedia":[{"embeddable":true,"href":"https:\/\/airsps.com\/de\/wp-json\/wp\/v2\/media\/3360"}],"wp:attachment":[{"href":"https:\/\/airsps.com\/de\/wp-json\/wp\/v2\/media?parent=3724"}],"curies":[{"name":"wp","href":"https:\/\/api.w.org\/{rel}","templated":true}]}}